{"id":30226,"date":"2024-08-29T12:48:16","date_gmt":"2024-08-29T12:48:16","guid":{"rendered":"https:\/\/democontent.codex-themes.com\/sites-elementor-v5\/brand-agency\/?page_id=30226"},"modified":"2025-12-28T12:47:51","modified_gmt":"2025-12-28T12:47:51","slug":"support-it","status":"publish","type":"page","link":"https:\/\/jh-consult.be\/index.php\/support-it\/","title":{"rendered":"Support IT"},"content":{"rendered":"\t\t<div data-elementor-type=\"wp-page\" data-elementor-id=\"30226\" class=\"elementor elementor-30226\">\n\t\t\t\t<div class=\"elementor-element elementor-element-10a5b25 thegem-e-con-layout-thegem e-flex e-con-boxed e-con e-parent\" data-id=\"10a5b25\" data-element_type=\"container\" data-e-type=\"container\" data-settings=\"{&quot;thegem_container_layout&quot;:&quot;thegem&quot;}\">\r\n\t\t\t\t\t<div class=\"e-con-inner\">\r\n\t\t\t\t<div class=\"elementor-element elementor-element-fba07d8 flex-horizontal-align-default flex-horizontal-align-tablet-default flex-horizontal-align-mobile-default flex-vertical-align-default flex-vertical-align-tablet-default flex-vertical-align-mobile-default elementor-widget elementor-widget-thegem-animated-heading\" data-id=\"fba07d8\" data-element_type=\"widget\" data-e-type=\"widget\" data-widget_type=\"thegem-animated-heading.default\">\n\t\t\t\t<div class=\"elementor-widget-container\">\n\t\t\t\t\t<div class=\"thegem-heading thegem-animated-heading title-xlarge thegem-heading-animate lines-slide-up\" id=\"thegem-heading-fba07d8\" data-animation-name=\"lines-slide-up\" data-animation-interval=\"80\"><span class=\"thegem-heading-word\">Un<\/span> <span class=\"thegem-heading-word\">support<\/span> <span class=\"thegem-heading-word\">IT<\/span> <span class=\"thegem-heading-word\">r\u00e9actif,<\/span> <span class=\"thegem-heading-word\">fiable<\/span> <span class=\"thegem-heading-word\">et<\/span> <span class=\"thegem-heading-word\">pens\u00e9<\/span> <span class=\"thegem-heading-word\">pour<\/span> <span class=\"thegem-heading-word\">simplifier<\/span> <span class=\"thegem-heading-word\">votre<\/span> <span class=\"thegem-heading-word\">quotidien.<\/span><\/div><style type=\"text\/css\">#thegem-heading-fba07d8 {margin: 0;}#thegem-heading-fba07d8 {margin-left: auto; margin-right: auto;}#thegem-heading-fba07d8 > * {justify-content: center;}<\/style>\t\t\t\t<\/div>\n\t\t\t\t<\/div>\n\t\t\t\t<div class=\"elementor-element elementor-element-2cc96d4 flex-horizontal-align-default flex-horizontal-align-tablet-default flex-horizontal-align-mobile-default flex-vertical-align-default flex-vertical-align-tablet-default flex-vertical-align-mobile-default elementor-widget elementor-widget-thegem-styledbutton\" data-id=\"2cc96d4\" data-element_type=\"widget\" data-e-type=\"widget\" data-settings=\"{&quot;thegem_button_skin&quot;:&quot;flat&quot;,&quot;add_icon&quot;:&quot;yes&quot;}\" data-widget_type=\"thegem-styledbutton.default\">\n\t\t\t\t<div class=\"elementor-widget-container\">\n\t\t\t\t\t\n<div class=\"gem-button-container gem-widget-button\">\n\n\t\t<a class=\"gem-button gem-button-size-medium gem-button-text-weight-bold gem-button-style-flat gem-button-icon-position-right\" href=\"https:\/\/jh-consult.be\/index.php\/contact-us\/\">\n\t\t<span class=\"gem-inner-wrapper-btn\">\n\t\t\t\t\t\t\t<span class=\"gem-button-icon\">\n\t\t\t\t\t<i aria-hidden=\"true\" class=\"gem-elegant arrow-right\"><\/i>\t\t\t\t<\/span>\n\t\t\t\t\t\t<span class=\"gem-text-button\">\n\t\t\t\tContactez-moi pour en parler\t\t\t<\/span>\n\t\t<\/span>\n\t<\/a>\n\n\t\n<\/div>\t\t\t\t<\/div>\n\t\t\t\t<\/div>\n\t\t\t\t<div class=\"elementor-element elementor-element-3f7f778 elementor-widget__width-initial flex-horizontal-align-default flex-horizontal-align-tablet-default flex-horizontal-align-mobile-default flex-vertical-align-default flex-vertical-align-tablet-default flex-vertical-align-mobile-default elementor-widget elementor-widget-thegem-animated-heading\" data-id=\"3f7f778\" data-element_type=\"widget\" data-e-type=\"widget\" data-widget_type=\"thegem-animated-heading.default\">\n\t\t\t\t<div class=\"elementor-widget-container\">\n\t\t\t\t\t<div class=\"thegem-heading thegem-animated-heading title-h3 thegem-heading-animate lines-slide-up\" id=\"thegem-heading-3f7f778\" data-animation-name=\"lines-slide-up\" data-animation-interval=\"80\"><span class=\"thegem-heading-word\">Parce<\/span> <span class=\"thegem-heading-word\">qu\u2019une<\/span> <span class=\"thegem-heading-word\">infrastructure<\/span> <span class=\"thegem-heading-word\">solide<\/span> <span class=\"thegem-heading-word\">est<\/span> <span class=\"thegem-heading-word\">la<\/span> <span class=\"thegem-heading-word\">base<\/span> <span class=\"thegem-heading-word\">d\u2019une<\/span> <span class=\"thegem-heading-word\">activit\u00e9<\/span> <span class=\"thegem-heading-word\">sereine.<\/span><\/div><style type=\"text\/css\">#thegem-heading-3f7f778 {margin: 0;}#thegem-heading-3f7f778 {margin-left: auto; margin-right: auto;}#thegem-heading-3f7f778 > * {justify-content: center;}<\/style>\t\t\t\t<\/div>\n\t\t\t\t<\/div>\n\t\t\t\t<div class=\"elementor-element elementor-element-94ce5f2 elementor-widget__width-initial flex-horizontal-align-default flex-horizontal-align-tablet-default flex-horizontal-align-mobile-default flex-vertical-align-default flex-vertical-align-tablet-default flex-vertical-align-mobile-default elementor-widget elementor-widget-thegem-animated-heading\" data-id=\"94ce5f2\" data-element_type=\"widget\" data-e-type=\"widget\" data-widget_type=\"thegem-animated-heading.default\">\n\t\t\t\t<div class=\"elementor-widget-container\">\n\t\t\t\t\t<div class=\"thegem-heading thegem-animated-heading text-body\" id=\"thegem-heading-94ce5f2\"><span>J\u2019accompagne les entreprises,  ind\u00e9pendants et particuliers dans la gestion, la maintenance et l\u2019optimisation de leurs outils informatiques.<br \/>\n<\/span> <\/div><style type=\"text\/css\">#thegem-heading-94ce5f2 {margin: 0;}#thegem-heading-94ce5f2 {margin-left: auto; margin-right: auto;}#thegem-heading-94ce5f2 > * {justify-content: center;}<\/style>\t\t\t\t<\/div>\n\t\t\t\t<\/div>\n\t\t\t\t<div class=\"elementor-element elementor-element-95821e4 elementor-widget__width-initial flex-horizontal-align-default flex-horizontal-align-tablet-default flex-horizontal-align-mobile-default flex-vertical-align-default flex-vertical-align-tablet-default flex-vertical-align-mobile-default elementor-widget elementor-widget-thegem-animated-heading\" data-id=\"95821e4\" data-element_type=\"widget\" data-e-type=\"widget\" data-widget_type=\"thegem-animated-heading.default\">\n\t\t\t\t<div class=\"elementor-widget-container\">\n\t\t\t\t\t<div class=\"thegem-heading thegem-animated-heading text-body\" id=\"thegem-heading-95821e4\"><span>Du d\u00e9pannage ponctuel \u00e0 la vente de mat\u00e9riel ou tout type d&#039;installation, chaque intervention est adapt\u00e9e \u00e0 vos besoins et \u00e0 votre environnement.<\/span> <\/div><style type=\"text\/css\">#thegem-heading-95821e4 {margin: 0;}#thegem-heading-95821e4 {margin-left: auto; margin-right: auto;}#thegem-heading-95821e4 > * {justify-content: center;}<\/style>\t\t\t\t<\/div>\n\t\t\t\t<\/div>\n\t\t\t\t<div class=\"elementor-element elementor-element-488a23d elementor-widget__width-initial flex-horizontal-align-default flex-horizontal-align-tablet-default flex-horizontal-align-mobile-default flex-vertical-align-default flex-vertical-align-tablet-default flex-vertical-align-mobile-default elementor-widget elementor-widget-thegem-animated-heading\" data-id=\"488a23d\" data-element_type=\"widget\" data-e-type=\"widget\" data-widget_type=\"thegem-animated-heading.default\">\n\t\t\t\t<div class=\"elementor-widget-container\">\n\t\t\t\t\t<div class=\"thegem-heading thegem-animated-heading text-body\" id=\"thegem-heading-488a23d\"><span>Mon objectif : assurer la continuit\u00e9, la performance et la s\u00e9curit\u00e9 de vos syst\u00e8mes, pour que la technologie reste un atout \u2014 jamais un obstacle.<\/span> <\/div><style type=\"text\/css\">#thegem-heading-488a23d {margin: 0;}#thegem-heading-488a23d {margin-left: auto; margin-right: auto;}#thegem-heading-488a23d > * {justify-content: center;}<\/style>\t\t\t\t<\/div>\n\t\t\t\t<\/div>\n\t\t\t\t\t<\/div>\n\t\t\t\t<\/div>\n\t\t<div class=\"elementor-element elementor-element-50aca88 e-con-full thegem-e-con-layout-thegem e-flex e-con e-parent\" data-id=\"50aca88\" data-element_type=\"container\" data-e-type=\"container\" data-settings=\"{&quot;background_background&quot;:&quot;classic&quot;,&quot;thegem_container_layout&quot;:&quot;thegem&quot;}\">\r\n\t\t\t\t<div class=\"elementor-element elementor-element-cf9ffac flex-horizontal-align-default flex-horizontal-align-tablet-default flex-horizontal-align-mobile-default flex-vertical-align-default flex-vertical-align-tablet-default flex-vertical-align-mobile-default elementor-widget elementor-widget-thegem-animated-heading\" data-id=\"cf9ffac\" data-element_type=\"widget\" data-e-type=\"widget\" data-widget_type=\"thegem-animated-heading.default\">\n\t\t\t\t<div class=\"elementor-widget-container\">\n\t\t\t\t\t<div class=\"thegem-heading thegem-animated-heading title-xlarge\" id=\"thegem-heading-cf9ffac\"><span>Mes Services IT<\/span> <\/div><style type=\"text\/css\">#thegem-heading-cf9ffac {margin: 0;}#thegem-heading-cf9ffac {margin-left: auto; margin-right: auto;}#thegem-heading-cf9ffac > * {justify-content: center;}<\/style>\t\t\t\t<\/div>\n\t\t\t\t<\/div>\n\t\t<div class=\"elementor-element elementor-element-edb7078 e-con-full thegem-e-con-layout-thegem e-flex e-con e-child\" data-id=\"edb7078\" data-element_type=\"container\" data-e-type=\"container\" data-settings=\"{&quot;thegem_container_layout&quot;:&quot;thegem&quot;}\">\r\n\t\t<div class=\"elementor-element elementor-element-d44c2ce e-con-full thegem-e-con-layout-thegem e-flex e-con e-child\" data-id=\"d44c2ce\" data-element_type=\"container\" data-e-type=\"container\" data-settings=\"{&quot;background_background&quot;:&quot;classic&quot;,&quot;thegem_container_layout&quot;:&quot;thegem&quot;}\">\r\n\t\t\t\t<div class=\"elementor-element elementor-element-7560f8f elementor-hidden-tablet elementor-hidden-mobile flex-horizontal-align-default flex-horizontal-align-tablet-default flex-horizontal-align-mobile-default flex-vertical-align-default flex-vertical-align-tablet-default flex-vertical-align-mobile-default elementor-widget elementor-widget-spacer\" data-id=\"7560f8f\" data-element_type=\"widget\" data-e-type=\"widget\" data-widget_type=\"spacer.default\">\n\t\t\t\t<div class=\"elementor-widget-container\">\n\t\t\t\t\t\t\t<div class=\"elementor-spacer\">\n\t\t\t<div class=\"elementor-spacer-inner\"><\/div>\n\t\t<\/div>\n\t\t\t\t\t\t<\/div>\n\t\t\t\t<\/div>\n\t\t\t\t<div class=\"elementor-element elementor-element-c37eb00 elementor-widget__width-initial flex-horizontal-align-default flex-horizontal-align-tablet-default flex-horizontal-align-mobile-default flex-vertical-align-default flex-vertical-align-tablet-default flex-vertical-align-mobile-default elementor-widget elementor-widget-thegem-animated-heading\" data-id=\"c37eb00\" data-element_type=\"widget\" data-e-type=\"widget\" data-widget_type=\"thegem-animated-heading.default\">\n\t\t\t\t<div class=\"elementor-widget-container\">\n\t\t\t\t\t<h3 class=\"thegem-heading thegem-animated-heading default\" id=\"thegem-heading-c37eb00\"><span class=\"colored\" style=\"color: #FFFFFF;\">Maintenance &amp; Assistance<\/span> <\/h3><style type=\"text\/css\">#thegem-heading-c37eb00 {margin: 0;}#thegem-heading-c37eb00 {margin-left: auto; margin-right: auto;}#thegem-heading-c37eb00 > * {justify-content: center;}<\/style>\t\t\t\t<\/div>\n\t\t\t\t<\/div>\n\t\t\t\t<\/div>\n\t\t<div class=\"elementor-element elementor-element-ea52b62 e-con-full thegem-e-con-layout-thegem e-flex e-con e-child\" data-id=\"ea52b62\" data-element_type=\"container\" data-e-type=\"container\" data-settings=\"{&quot;background_background&quot;:&quot;classic&quot;,&quot;thegem_container_layout&quot;:&quot;thegem&quot;}\">\r\n\t\t\t\t<div class=\"elementor-element elementor-element-38595dd elementor-widget__width-initial flex-horizontal-align-default flex-horizontal-align-tablet-default flex-horizontal-align-mobile-default flex-vertical-align-default flex-vertical-align-tablet-default flex-vertical-align-mobile-default elementor-widget elementor-widget-thegem-animated-heading\" data-id=\"38595dd\" data-element_type=\"widget\" data-e-type=\"widget\" data-widget_type=\"thegem-animated-heading.default\">\n\t\t\t\t<div class=\"elementor-widget-container\">\n\t\t\t\t\t<h3 class=\"thegem-heading thegem-animated-heading default\" id=\"thegem-heading-38595dd\"><span class=\"colored\" style=\"color: #FFFFFF;\">Vente et Installation de mat\u00e9riel<\/span> <\/h3><style type=\"text\/css\">#thegem-heading-38595dd {margin: 0;}#thegem-heading-38595dd {margin-left: auto; margin-right: auto;}#thegem-heading-38595dd > * {justify-content: center;}<\/style>\t\t\t\t<\/div>\n\t\t\t\t<\/div>\n\t\t\t\t<\/div>\n\t\t<div class=\"elementor-element elementor-element-0e47ae9 e-con-full thegem-e-con-layout-thegem e-flex e-con e-child\" data-id=\"0e47ae9\" data-element_type=\"container\" data-e-type=\"container\" data-settings=\"{&quot;background_background&quot;:&quot;classic&quot;,&quot;thegem_container_layout&quot;:&quot;thegem&quot;}\">\r\n\t\t\t\t<div class=\"elementor-element elementor-element-37b192b elementor-hidden-tablet elementor-hidden-mobile flex-horizontal-align-default flex-horizontal-align-tablet-default flex-horizontal-align-mobile-default flex-vertical-align-default flex-vertical-align-tablet-default flex-vertical-align-mobile-default elementor-widget elementor-widget-spacer\" data-id=\"37b192b\" data-element_type=\"widget\" data-e-type=\"widget\" data-widget_type=\"spacer.default\">\n\t\t\t\t<div class=\"elementor-widget-container\">\n\t\t\t\t\t\t\t<div class=\"elementor-spacer\">\n\t\t\t<div class=\"elementor-spacer-inner\"><\/div>\n\t\t<\/div>\n\t\t\t\t\t\t<\/div>\n\t\t\t\t<\/div>\n\t\t\t\t<div class=\"elementor-element elementor-element-fb973f1 elementor-widget__width-initial flex-horizontal-align-default flex-horizontal-align-tablet-default flex-horizontal-align-mobile-default flex-vertical-align-default flex-vertical-align-tablet-default flex-vertical-align-mobile-default elementor-widget elementor-widget-thegem-animated-heading\" data-id=\"fb973f1\" data-element_type=\"widget\" data-e-type=\"widget\" data-widget_type=\"thegem-animated-heading.default\">\n\t\t\t\t<div class=\"elementor-widget-container\">\n\t\t\t\t\t<h3 class=\"thegem-heading thegem-animated-heading default\" id=\"thegem-heading-fb973f1\"><span class=\"colored\" style=\"color: #FFFFFF;\">Gestion des syst\u00e8mes<\/span> <\/h3><style type=\"text\/css\">#thegem-heading-fb973f1 {margin: 0;}#thegem-heading-fb973f1 {margin-left: auto; margin-right: auto;}#thegem-heading-fb973f1 > * {justify-content: center;}<\/style>\t\t\t\t<\/div>\n\t\t\t\t<\/div>\n\t\t\t\t<\/div>\n\t\t<div class=\"elementor-element elementor-element-8611603 e-con-full thegem-e-con-layout-thegem e-flex e-con e-child\" data-id=\"8611603\" data-element_type=\"container\" data-e-type=\"container\" data-settings=\"{&quot;background_background&quot;:&quot;classic&quot;,&quot;thegem_container_layout&quot;:&quot;thegem&quot;}\">\r\n\t\t\t\t<div class=\"elementor-element elementor-element-4c4f35e elementor-hidden-tablet elementor-hidden-mobile flex-horizontal-align-default flex-horizontal-align-tablet-default flex-horizontal-align-mobile-default flex-vertical-align-default flex-vertical-align-tablet-default flex-vertical-align-mobile-default elementor-widget elementor-widget-spacer\" data-id=\"4c4f35e\" data-element_type=\"widget\" data-e-type=\"widget\" data-widget_type=\"spacer.default\">\n\t\t\t\t<div class=\"elementor-widget-container\">\n\t\t\t\t\t\t\t<div class=\"elementor-spacer\">\n\t\t\t<div class=\"elementor-spacer-inner\"><\/div>\n\t\t<\/div>\n\t\t\t\t\t\t<\/div>\n\t\t\t\t<\/div>\n\t\t\t\t<div class=\"elementor-element elementor-element-7075652 elementor-widget__width-initial flex-horizontal-align-default flex-horizontal-align-tablet-default flex-horizontal-align-mobile-default flex-vertical-align-default flex-vertical-align-tablet-default flex-vertical-align-mobile-default elementor-widget elementor-widget-thegem-animated-heading\" data-id=\"7075652\" data-element_type=\"widget\" data-e-type=\"widget\" data-widget_type=\"thegem-animated-heading.default\">\n\t\t\t\t<div class=\"elementor-widget-container\">\n\t\t\t\t\t<h3 class=\"thegem-heading thegem-animated-heading default\" id=\"thegem-heading-7075652\"><span class=\"colored\" style=\"color: #FFFFFF;\">Conseil &amp; Accompagnement<\/span> <\/h3><style type=\"text\/css\">#thegem-heading-7075652 {margin: 0;}#thegem-heading-7075652 {margin-left: auto; margin-right: auto;}#thegem-heading-7075652 > * {justify-content: center;}<\/style>\t\t\t\t<\/div>\n\t\t\t\t<\/div>\n\t\t\t\t<\/div>\n\t\t\t\t<\/div>\n\t\t\t\t<\/div>\n\t\t<div class=\"elementor-element elementor-element-3cd42ac thegem-e-con-layout-thegem e-flex e-con-boxed e-con e-parent\" data-id=\"3cd42ac\" data-element_type=\"container\" data-e-type=\"container\" data-settings=\"{&quot;thegem_container_layout&quot;:&quot;thegem&quot;}\">\r\n\t\t\t\t\t<div class=\"e-con-inner\">\r\n\t\t\t\t<div class=\"elementor-element elementor-element-50894a8 elementor-widget__width-initial flex-horizontal-align-default flex-horizontal-align-tablet-default flex-horizontal-align-mobile-default flex-vertical-align-default flex-vertical-align-tablet-default flex-vertical-align-mobile-default elementor-widget elementor-widget-thegem-animated-heading\" data-id=\"50894a8\" data-element_type=\"widget\" data-e-type=\"widget\" data-widget_type=\"thegem-animated-heading.default\">\n\t\t\t\t<div class=\"elementor-widget-container\">\n\t\t\t\t\t<div class=\"thegem-heading thegem-animated-heading text-body thegem-heading-animate lines-slide-up\" id=\"thegem-heading-50894a8\" data-animation-name=\"lines-slide-up\" data-animation-interval=\"80\"><span class=\"thegem-heading-word\">Un<\/span> <span class=\"thegem-heading-word\">bon<\/span> <span class=\"thegem-heading-word\">support<\/span> <span class=\"thegem-heading-word\">IT,<\/span> <span class=\"thegem-heading-word\">c\u2019est<\/span> <span class=\"thegem-heading-word\">la<\/span> <span class=\"thegem-heading-word\">tranquillit\u00e9<\/span> <span class=\"thegem-heading-word\">d\u2019esprit<\/span> <span class=\"thegem-heading-word\">au<\/span> <span class=\"thegem-heading-word\">quotidien.<\/span><\/div><style type=\"text\/css\">#thegem-heading-50894a8 {margin: 0;}#thegem-heading-50894a8 {margin-left: auto; margin-right: auto;}#thegem-heading-50894a8 > * {justify-content: center;}<\/style>\t\t\t\t<\/div>\n\t\t\t\t<\/div>\n\t\t\t\t<div class=\"elementor-element elementor-element-ebf100c elementor-widget__width-initial flex-horizontal-align-default flex-horizontal-align-tablet-default flex-horizontal-align-mobile-default flex-vertical-align-default flex-vertical-align-tablet-default flex-vertical-align-mobile-default elementor-widget elementor-widget-thegem-animated-heading\" data-id=\"ebf100c\" data-element_type=\"widget\" data-e-type=\"widget\" data-widget_type=\"thegem-animated-heading.default\">\n\t\t\t\t<div class=\"elementor-widget-container\">\n\t\t\t\t\t<div class=\"thegem-heading thegem-animated-heading text-body thegem-heading-animate lines-slide-up\" id=\"thegem-heading-ebf100c\" data-animation-name=\"lines-slide-up\" data-animation-interval=\"80\"><span class=\"thegem-heading-word\">Je<\/span> <span class=\"thegem-heading-word\">vous<\/span> <span class=\"thegem-heading-word\">aide<\/span> <span class=\"thegem-heading-word\">\u00e0<\/span> <span class=\"thegem-heading-word\">garder<\/span> <span class=\"thegem-heading-word\">vos<\/span> <span class=\"thegem-heading-word\">outils<\/span> <span class=\"thegem-heading-word\">fiables,<\/span> <span class=\"thegem-heading-word\">s\u00e9curis\u00e9s<\/span> <span class=\"thegem-heading-word\">et<\/span> <span class=\"thegem-heading-word\">performants.<\/span><\/div><style type=\"text\/css\">#thegem-heading-ebf100c {margin: 0;}#thegem-heading-ebf100c {margin-left: auto; margin-right: auto;}#thegem-heading-ebf100c > * {justify-content: center;}<\/style>\t\t\t\t<\/div>\n\t\t\t\t<\/div>\n\t\t\t\t<div class=\"elementor-element elementor-element-9ce55bc elementor-widget__width-initial flex-horizontal-align-default flex-horizontal-align-tablet-default flex-horizontal-align-mobile-default flex-vertical-align-default flex-vertical-align-tablet-default flex-vertical-align-mobile-default elementor-widget elementor-widget-thegem-animated-heading\" data-id=\"9ce55bc\" data-element_type=\"widget\" data-e-type=\"widget\" data-widget_type=\"thegem-animated-heading.default\">\n\t\t\t\t<div class=\"elementor-widget-container\">\n\t\t\t\t\t<div class=\"thegem-heading thegem-animated-heading text-body thegem-heading-animate lines-slide-up\" id=\"thegem-heading-9ce55bc\" data-animation-name=\"lines-slide-up\" data-animation-interval=\"80\">\n<span class=\"thegem-heading-word\">Ensemble,<\/span> <span class=\"thegem-heading-word\">faisons<\/span> <span class=\"thegem-heading-word\">de<\/span> <span class=\"thegem-heading-word\">votre<\/span> <span class=\"thegem-heading-word\">environnement<\/span> <span class=\"thegem-heading-word\">informatique<\/span> <span class=\"thegem-heading-word\">une<\/span> <span class=\"thegem-heading-word\">force<\/span> <span class=\"thegem-heading-word\">pour<\/span> <span class=\"thegem-heading-word\">votre<\/span> <span class=\"thegem-heading-word\">activit\u00e9.<\/span><\/div><style type=\"text\/css\">#thegem-heading-9ce55bc {margin: 0;}#thegem-heading-9ce55bc {margin-left: auto; margin-right: auto;}#thegem-heading-9ce55bc > * {justify-content: center;}<\/style>\t\t\t\t<\/div>\n\t\t\t\t<\/div>\n\t\t\t\t\t<\/div>\n\t\t\t\t<\/div>\n\t\t\t\t<\/div>\n\t\t","protected":false},"excerpt":{"rendered":"<p>Un support IT r\u00e9actif, fiable et pens\u00e9 pour simplifier votre quotidien. Contactez-moi pour en parler Parce qu\u2019une infrastructure solide est&#8230;<\/p>\n","protected":false},"author":1,"featured_media":0,"parent":0,"menu_order":0,"comment_status":"closed","ping_status":"closed","template":"page-fullwidth.php","meta":{"footnotes":""},"class_list":["post-30226","page","type-page","status-publish"],"_links":{"self":[{"href":"https:\/\/jh-consult.be\/index.php\/wp-json\/wp\/v2\/pages\/30226","targetHints":{"allow":["GET"]}}],"collection":[{"href":"https:\/\/jh-consult.be\/index.php\/wp-json\/wp\/v2\/pages"}],"about":[{"href":"https:\/\/jh-consult.be\/index.php\/wp-json\/wp\/v2\/types\/page"}],"author":[{"embeddable":true,"href":"https:\/\/jh-consult.be\/index.php\/wp-json\/wp\/v2\/users\/1"}],"replies":[{"embeddable":true,"href":"https:\/\/jh-consult.be\/index.php\/wp-json\/wp\/v2\/comments?post=30226"}],"version-history":[{"count":71,"href":"https:\/\/jh-consult.be\/index.php\/wp-json\/wp\/v2\/pages\/30226\/revisions"}],"predecessor-version":[{"id":31172,"href":"https:\/\/jh-consult.be\/index.php\/wp-json\/wp\/v2\/pages\/30226\/revisions\/31172"}],"wp:attachment":[{"href":"https:\/\/jh-consult.be\/index.php\/wp-json\/wp\/v2\/media?parent=30226"}],"curies":[{"name":"wp","href":"https:\/\/api.w.org\/{rel}","templated":true}]}}