{"id":30931,"date":"2025-12-23T22:37:23","date_gmt":"2025-12-23T22:37:23","guid":{"rendered":"https:\/\/jh-consult.be\/?page_id=30931"},"modified":"2026-03-22T10:42:07","modified_gmt":"2026-03-22T10:42:07","slug":"branding-socials","status":"publish","type":"page","link":"https:\/\/jh-consult.be\/index.php\/branding-socials\/","title":{"rendered":"Branding &#038; Socials"},"content":{"rendered":"\t\t<div data-elementor-type=\"wp-page\" data-elementor-id=\"30931\" class=\"elementor elementor-30931\">\n\t\t\t\t<div class=\"elementor-element elementor-element-10a5b25 thegem-e-con-layout-thegem e-flex e-con-boxed e-con e-parent\" data-id=\"10a5b25\" data-element_type=\"container\" data-e-type=\"container\" data-settings=\"{&quot;thegem_container_layout&quot;:&quot;thegem&quot;}\">\r\n\t\t\t\t\t<div class=\"e-con-inner\">\r\n\t\t\t\t<div class=\"elementor-element elementor-element-fba07d8 flex-horizontal-align-default flex-horizontal-align-tablet-default flex-horizontal-align-mobile-default flex-vertical-align-default flex-vertical-align-tablet-default flex-vertical-align-mobile-default elementor-widget elementor-widget-thegem-animated-heading\" data-id=\"fba07d8\" data-element_type=\"widget\" data-e-type=\"widget\" data-widget_type=\"thegem-animated-heading.default\">\n\t\t\t\t<div class=\"elementor-widget-container\">\n\t\t\t\t\t<div class=\"thegem-heading thegem-animated-heading title-xlarge thegem-heading-animate lines-slide-up\" id=\"thegem-heading-fba07d8\" data-animation-name=\"lines-slide-up\" data-animation-interval=\"80\"><span class=\"thegem-heading-word\">Une<\/span> <span class=\"thegem-heading-word\">identit\u00e9<\/span> <span class=\"thegem-heading-word\">de<\/span> <span class=\"thegem-heading-word\">marque<\/span> <span class=\"thegem-heading-word\">forte,<\/span> <span class=\"thegem-heading-word\">coh\u00e9rente<\/span> <span class=\"thegem-heading-word\">et<\/span> <span class=\"thegem-heading-word\">m\u00e9morable.<\/span><\/div><style type=\"text\/css\">#thegem-heading-fba07d8 {margin: 0;}#thegem-heading-fba07d8 {margin-left: auto; margin-right: auto;}#thegem-heading-fba07d8 > * {justify-content: center;}<\/style>\t\t\t\t<\/div>\n\t\t\t\t<\/div>\n\t\t\t\t<div class=\"elementor-element elementor-element-2cc96d4 flex-horizontal-align-default flex-horizontal-align-tablet-default flex-horizontal-align-mobile-default flex-vertical-align-default flex-vertical-align-tablet-default flex-vertical-align-mobile-default elementor-widget elementor-widget-thegem-styledbutton\" data-id=\"2cc96d4\" data-element_type=\"widget\" data-e-type=\"widget\" data-settings=\"{&quot;thegem_button_skin&quot;:&quot;flat&quot;,&quot;add_icon&quot;:&quot;yes&quot;}\" data-widget_type=\"thegem-styledbutton.default\">\n\t\t\t\t<div class=\"elementor-widget-container\">\n\t\t\t\t\t\n<div class=\"gem-button-container gem-widget-button\">\n\n\t\t<a class=\"gem-button gem-button-size-medium gem-button-text-weight-bold gem-button-style-flat gem-button-icon-position-right\" href=\"https:\/\/jh-consult.be\/index.php\/contact-us\/\">\n\t\t<span class=\"gem-inner-wrapper-btn\">\n\t\t\t\t\t\t\t<span class=\"gem-button-icon\">\n\t\t\t\t\t<i aria-hidden=\"true\" class=\"gem-elegant arrow-right\"><\/i>\t\t\t\t<\/span>\n\t\t\t\t\t\t<span class=\"gem-text-button\">\n\t\t\t\tCr\u00e9ons votre image de marque\t\t\t<\/span>\n\t\t<\/span>\n\t<\/a>\n\n\t\n<\/div>\t\t\t\t<\/div>\n\t\t\t\t<\/div>\n\t\t\t\t<div class=\"elementor-element elementor-element-3f7f778 elementor-widget__width-initial flex-horizontal-align-default flex-horizontal-align-tablet-default flex-horizontal-align-mobile-default flex-vertical-align-default flex-vertical-align-tablet-default flex-vertical-align-mobile-default elementor-widget elementor-widget-thegem-animated-heading\" data-id=\"3f7f778\" data-element_type=\"widget\" data-e-type=\"widget\" data-widget_type=\"thegem-animated-heading.default\">\n\t\t\t\t<div class=\"elementor-widget-container\">\n\t\t\t\t\t<div class=\"thegem-heading thegem-animated-heading title-h3 thegem-heading-animate lines-slide-up\" id=\"thegem-heading-3f7f778\" data-animation-name=\"lines-slide-up\" data-animation-interval=\"80\"><span class=\"thegem-heading-word\">Parce<\/span> <span class=\"thegem-heading-word\">qu\u2019une<\/span> <span class=\"thegem-heading-word\">marque<\/span> <span class=\"thegem-heading-word\">bien<\/span> <span class=\"thegem-heading-word\">pens\u00e9e<\/span> <span class=\"thegem-heading-word\">inspire<\/span> <span class=\"thegem-heading-word\">confiance<\/span> <span class=\"thegem-heading-word\">et<\/span> <span class=\"thegem-heading-word\">attire<\/span> <span class=\"thegem-heading-word\">naturellement<\/span> <span class=\"thegem-heading-word\">les<\/span> <span class=\"thegem-heading-word\">bons<\/span> <span class=\"thegem-heading-word\">clients.<\/span><\/div><style type=\"text\/css\">#thegem-heading-3f7f778 {margin: 0;}#thegem-heading-3f7f778 {margin-left: auto; margin-right: auto;}#thegem-heading-3f7f778 > * {justify-content: center;}<\/style>\t\t\t\t<\/div>\n\t\t\t\t<\/div>\n\t\t\t\t<div class=\"elementor-element elementor-element-94ce5f2 elementor-widget__width-initial flex-horizontal-align-default flex-horizontal-align-tablet-default flex-horizontal-align-mobile-default flex-vertical-align-default flex-vertical-align-tablet-default flex-vertical-align-mobile-default elementor-widget elementor-widget-thegem-animated-heading\" data-id=\"94ce5f2\" data-element_type=\"widget\" data-e-type=\"widget\" data-widget_type=\"thegem-animated-heading.default\">\n\t\t\t\t<div class=\"elementor-widget-container\">\n\t\t\t\t\t<div class=\"thegem-heading thegem-animated-heading text-body\" id=\"thegem-heading-94ce5f2\"><span>Le branding est bien plus qu\u2019un logo : c\u2019est l\u2019ADN visuel et \u00e9motionnel de votre entreprise.<br \/>\n<\/span> <\/div><style type=\"text\/css\">#thegem-heading-94ce5f2 {margin: 0;}#thegem-heading-94ce5f2 {margin-left: auto; margin-right: auto;}#thegem-heading-94ce5f2 > * {justify-content: center;}<\/style>\t\t\t\t<\/div>\n\t\t\t\t<\/div>\n\t\t\t\t<div class=\"elementor-element elementor-element-efbb76d elementor-widget__width-initial flex-horizontal-align-default flex-horizontal-align-tablet-default flex-horizontal-align-mobile-default flex-vertical-align-default flex-vertical-align-tablet-default flex-vertical-align-mobile-default elementor-widget elementor-widget-thegem-animated-heading\" data-id=\"efbb76d\" data-element_type=\"widget\" data-e-type=\"widget\" data-widget_type=\"thegem-animated-heading.default\">\n\t\t\t\t<div class=\"elementor-widget-container\">\n\t\t\t\t\t<div class=\"thegem-heading thegem-animated-heading text-body\" id=\"thegem-heading-efbb76d\"><span>J\u2019analyse votre positionnement, votre audience et vos valeurs pour concevoir une identit\u00e9 \u00e0 la fois distinctive, strat\u00e9gique et durable.<\/span> <\/div><style type=\"text\/css\">#thegem-heading-efbb76d {margin: 0;}#thegem-heading-efbb76d {margin-left: auto; margin-right: auto;}#thegem-heading-efbb76d > * {justify-content: center;}<\/style>\t\t\t\t<\/div>\n\t\t\t\t<\/div>\n\t\t\t\t<div class=\"elementor-element elementor-element-f867389 elementor-widget__width-initial flex-horizontal-align-default flex-horizontal-align-tablet-default flex-horizontal-align-mobile-default flex-vertical-align-default flex-vertical-align-tablet-default flex-vertical-align-mobile-default elementor-widget elementor-widget-thegem-animated-heading\" data-id=\"f867389\" data-element_type=\"widget\" data-e-type=\"widget\" data-widget_type=\"thegem-animated-heading.default\">\n\t\t\t\t<div class=\"elementor-widget-container\">\n\t\t\t\t\t<div class=\"thegem-heading thegem-animated-heading text-body\" id=\"thegem-heading-f867389\"><span>De la charte graphique \u00e0 la coh\u00e9rence sur tous vos supports, chaque \u00e9l\u00e9ment renforce votre cr\u00e9dibilit\u00e9 et votre impact.<\/span> <\/div><style type=\"text\/css\">#thegem-heading-f867389 {margin: 0;}#thegem-heading-f867389 {margin-left: auto; margin-right: auto;}#thegem-heading-f867389 > * {justify-content: center;}<\/style>\t\t\t\t<\/div>\n\t\t\t\t<\/div>\n\t\t\t\t\t<\/div>\n\t\t\t\t<\/div>\n\t\t<div class=\"elementor-element elementor-element-50aca88 e-con-full thegem-e-con-layout-thegem e-flex e-con e-parent\" data-id=\"50aca88\" data-element_type=\"container\" data-e-type=\"container\" data-settings=\"{&quot;background_background&quot;:&quot;classic&quot;,&quot;thegem_container_layout&quot;:&quot;thegem&quot;}\">\r\n\t\t\t\t<div class=\"elementor-element elementor-element-cf9ffac flex-horizontal-align-default flex-horizontal-align-tablet-default flex-horizontal-align-mobile-default flex-vertical-align-default flex-vertical-align-tablet-default flex-vertical-align-mobile-default elementor-widget elementor-widget-thegem-animated-heading\" data-id=\"cf9ffac\" data-element_type=\"widget\" data-e-type=\"widget\" data-widget_type=\"thegem-animated-heading.default\">\n\t\t\t\t<div class=\"elementor-widget-container\">\n\t\t\t\t\t<div class=\"thegem-heading thegem-animated-heading title-xlarge\" id=\"thegem-heading-cf9ffac\"><span>Mes Services Branding<\/span> <\/div><style type=\"text\/css\">#thegem-heading-cf9ffac {margin: 0;}#thegem-heading-cf9ffac {margin-left: auto; margin-right: auto;}#thegem-heading-cf9ffac > * {justify-content: center;}<\/style>\t\t\t\t<\/div>\n\t\t\t\t<\/div>\n\t\t<div class=\"elementor-element elementor-element-edb7078 e-con-full thegem-e-con-layout-thegem e-flex e-con e-child\" data-id=\"edb7078\" data-element_type=\"container\" data-e-type=\"container\" data-settings=\"{&quot;thegem_container_layout&quot;:&quot;thegem&quot;}\">\r\n\t\t<div class=\"elementor-element elementor-element-d44c2ce e-con-full thegem-e-con-layout-thegem e-flex e-con e-child\" data-id=\"d44c2ce\" data-element_type=\"container\" data-e-type=\"container\" data-settings=\"{&quot;background_background&quot;:&quot;classic&quot;,&quot;thegem_container_layout&quot;:&quot;thegem&quot;}\">\r\n\t\t\t\t<div class=\"elementor-element elementor-element-7560f8f elementor-hidden-tablet elementor-hidden-mobile flex-horizontal-align-default flex-horizontal-align-tablet-default flex-horizontal-align-mobile-default flex-vertical-align-default flex-vertical-align-tablet-default flex-vertical-align-mobile-default elementor-widget elementor-widget-spacer\" data-id=\"7560f8f\" data-element_type=\"widget\" data-e-type=\"widget\" data-widget_type=\"spacer.default\">\n\t\t\t\t<div class=\"elementor-widget-container\">\n\t\t\t\t\t\t\t<div class=\"elementor-spacer\">\n\t\t\t<div class=\"elementor-spacer-inner\"><\/div>\n\t\t<\/div>\n\t\t\t\t\t\t<\/div>\n\t\t\t\t<\/div>\n\t\t\t\t<div class=\"elementor-element elementor-element-c37eb00 elementor-widget__width-initial flex-horizontal-align-default flex-horizontal-align-tablet-default flex-horizontal-align-mobile-default flex-vertical-align-default flex-vertical-align-tablet-default flex-vertical-align-mobile-default elementor-widget elementor-widget-thegem-animated-heading\" data-id=\"c37eb00\" data-element_type=\"widget\" data-e-type=\"widget\" data-widget_type=\"thegem-animated-heading.default\">\n\t\t\t\t<div class=\"elementor-widget-container\">\n\t\t\t\t\t<h3 class=\"thegem-heading thegem-animated-heading default\" id=\"thegem-heading-c37eb00\"><span class=\"colored\" style=\"color: #FFFFFF;\">Identit\u00e9 visuelle<\/span> <\/h3><style type=\"text\/css\">#thegem-heading-c37eb00 {margin: 0;}#thegem-heading-c37eb00 {margin-left: auto; margin-right: auto;}#thegem-heading-c37eb00 > * {justify-content: center;}<\/style>\t\t\t\t<\/div>\n\t\t\t\t<\/div>\n\t\t\t\t<\/div>\n\t\t<div class=\"elementor-element elementor-element-ea52b62 e-con-full thegem-e-con-layout-thegem e-flex e-con e-child\" data-id=\"ea52b62\" data-element_type=\"container\" data-e-type=\"container\" data-settings=\"{&quot;background_background&quot;:&quot;classic&quot;,&quot;thegem_container_layout&quot;:&quot;thegem&quot;}\">\r\n\t\t\t\t<div class=\"elementor-element elementor-element-38595dd elementor-widget__width-initial flex-horizontal-align-default flex-horizontal-align-tablet-default flex-horizontal-align-mobile-default flex-vertical-align-default flex-vertical-align-tablet-default flex-vertical-align-mobile-default elementor-widget elementor-widget-thegem-animated-heading\" data-id=\"38595dd\" data-element_type=\"widget\" data-e-type=\"widget\" data-widget_type=\"thegem-animated-heading.default\">\n\t\t\t\t<div class=\"elementor-widget-container\">\n\t\t\t\t\t<h3 class=\"thegem-heading thegem-animated-heading default\" id=\"thegem-heading-38595dd\"><span class=\"colored\" style=\"color: #FFFFFF;\">Charte graphique &amp; guidelines<\/span> <\/h3><style type=\"text\/css\">#thegem-heading-38595dd {margin: 0;}#thegem-heading-38595dd {margin-left: auto; margin-right: auto;}#thegem-heading-38595dd > * {justify-content: center;}<\/style>\t\t\t\t<\/div>\n\t\t\t\t<\/div>\n\t\t\t\t<\/div>\n\t\t<div class=\"elementor-element elementor-element-8611603 e-con-full thegem-e-con-layout-thegem e-flex e-con e-child\" data-id=\"8611603\" data-element_type=\"container\" data-e-type=\"container\" data-settings=\"{&quot;background_background&quot;:&quot;classic&quot;,&quot;thegem_container_layout&quot;:&quot;thegem&quot;}\">\r\n\t\t\t\t<div class=\"elementor-element elementor-element-4c4f35e elementor-hidden-tablet elementor-hidden-mobile flex-horizontal-align-default flex-horizontal-align-tablet-default flex-horizontal-align-mobile-default flex-vertical-align-default flex-vertical-align-tablet-default flex-vertical-align-mobile-default elementor-widget elementor-widget-spacer\" data-id=\"4c4f35e\" data-element_type=\"widget\" data-e-type=\"widget\" data-widget_type=\"spacer.default\">\n\t\t\t\t<div class=\"elementor-widget-container\">\n\t\t\t\t\t\t\t<div class=\"elementor-spacer\">\n\t\t\t<div class=\"elementor-spacer-inner\"><\/div>\n\t\t<\/div>\n\t\t\t\t\t\t<\/div>\n\t\t\t\t<\/div>\n\t\t\t\t<div class=\"elementor-element elementor-element-7075652 elementor-widget__width-initial flex-horizontal-align-default flex-horizontal-align-tablet-default flex-horizontal-align-mobile-default flex-vertical-align-default flex-vertical-align-tablet-default flex-vertical-align-mobile-default elementor-widget elementor-widget-thegem-animated-heading\" data-id=\"7075652\" data-element_type=\"widget\" data-e-type=\"widget\" data-widget_type=\"thegem-animated-heading.default\">\n\t\t\t\t<div class=\"elementor-widget-container\">\n\t\t\t\t\t<h3 class=\"thegem-heading thegem-animated-heading default\" id=\"thegem-heading-7075652\"><span class=\"colored\" style=\"color: #FFFFFF;\">D\u00e9clinaisons &amp; supports<\/span> <\/h3><style type=\"text\/css\">#thegem-heading-7075652 {margin: 0;}#thegem-heading-7075652 {margin-left: auto; margin-right: auto;}#thegem-heading-7075652 > * {justify-content: center;}<\/style>\t\t\t\t<\/div>\n\t\t\t\t<\/div>\n\t\t\t\t<\/div>\n\t\t<div class=\"elementor-element elementor-element-0e47ae9 e-con-full thegem-e-con-layout-thegem e-flex e-con e-child\" data-id=\"0e47ae9\" data-element_type=\"container\" data-e-type=\"container\" data-settings=\"{&quot;background_background&quot;:&quot;classic&quot;,&quot;thegem_container_layout&quot;:&quot;thegem&quot;}\">\r\n\t\t\t\t<div class=\"elementor-element elementor-element-fb973f1 elementor-widget__width-initial flex-horizontal-align-default flex-horizontal-align-tablet-default flex-horizontal-align-mobile-default flex-vertical-align-default flex-vertical-align-tablet-default flex-vertical-align-mobile-default elementor-widget elementor-widget-thegem-animated-heading\" data-id=\"fb973f1\" data-element_type=\"widget\" data-e-type=\"widget\" data-widget_type=\"thegem-animated-heading.default\">\n\t\t\t\t<div class=\"elementor-widget-container\">\n\t\t\t\t\t<h3 class=\"thegem-heading thegem-animated-heading default\" id=\"thegem-heading-fb973f1\"><span class=\"colored\" style=\"color: #FFFFFF;\">Gestion des r\u00e9seaux sociaux<\/span> <\/h3><style type=\"text\/css\">#thegem-heading-fb973f1 {margin: 0;}#thegem-heading-fb973f1 {margin-left: auto; margin-right: auto;}#thegem-heading-fb973f1 > * {justify-content: center;}<\/style>\t\t\t\t<\/div>\n\t\t\t\t<\/div>\n\t\t\t\t<\/div>\n\t\t\t\t<\/div>\n\t\t\t\t<\/div>\n\t\t<div class=\"elementor-element elementor-element-3cd42ac thegem-e-con-layout-thegem e-flex e-con-boxed e-con e-parent\" data-id=\"3cd42ac\" data-element_type=\"container\" data-e-type=\"container\" data-settings=\"{&quot;thegem_container_layout&quot;:&quot;thegem&quot;}\">\r\n\t\t\t\t\t<div class=\"e-con-inner\">\r\n\t\t\t\t<div class=\"elementor-element elementor-element-50894a8 elementor-widget__width-initial flex-horizontal-align-default flex-horizontal-align-tablet-default flex-horizontal-align-mobile-default flex-vertical-align-default flex-vertical-align-tablet-default flex-vertical-align-mobile-default elementor-widget elementor-widget-thegem-animated-heading\" data-id=\"50894a8\" data-element_type=\"widget\" data-e-type=\"widget\" data-widget_type=\"thegem-animated-heading.default\">\n\t\t\t\t<div class=\"elementor-widget-container\">\n\t\t\t\t\t<div class=\"thegem-heading thegem-animated-heading text-body thegem-heading-animate lines-slide-up\" id=\"thegem-heading-50894a8\" data-animation-name=\"lines-slide-up\" data-animation-interval=\"80\"><span class=\"thegem-heading-word\">Une<\/span> <span class=\"thegem-heading-word\">marque<\/span> <span class=\"thegem-heading-word\">forte<\/span> <span class=\"thegem-heading-word\">se<\/span> <span class=\"thegem-heading-word\">reconna\u00eet<\/span> <span class=\"thegem-heading-word\">avant<\/span> <span class=\"thegem-heading-word\">m\u00eame<\/span> <span class=\"thegem-heading-word\">d\u2019\u00eatre<\/span> <span class=\"thegem-heading-word\">lue.<\/span><\/div><style type=\"text\/css\">#thegem-heading-50894a8 {margin: 0;}#thegem-heading-50894a8 {margin-left: auto; margin-right: auto;}#thegem-heading-50894a8 > * {justify-content: center;}<\/style>\t\t\t\t<\/div>\n\t\t\t\t<\/div>\n\t\t\t\t<div class=\"elementor-element elementor-element-ebf100c elementor-widget__width-initial flex-horizontal-align-default flex-horizontal-align-tablet-default flex-horizontal-align-mobile-default flex-vertical-align-default flex-vertical-align-tablet-default flex-vertical-align-mobile-default elementor-widget elementor-widget-thegem-animated-heading\" data-id=\"ebf100c\" data-element_type=\"widget\" data-e-type=\"widget\" data-widget_type=\"thegem-animated-heading.default\">\n\t\t\t\t<div class=\"elementor-widget-container\">\n\t\t\t\t\t<div class=\"thegem-heading thegem-animated-heading text-body thegem-heading-animate lines-slide-up\" id=\"thegem-heading-ebf100c\" data-animation-name=\"lines-slide-up\" data-animation-interval=\"80\"><span class=\"thegem-heading-word\">Pr\u00eats<\/span> <span class=\"thegem-heading-word\">\u00e0<\/span> <span class=\"thegem-heading-word\">cr\u00e9er<\/span> <span class=\"thegem-heading-word\">une<\/span> <span class=\"thegem-heading-word\">exp\u00e9rience<\/span> <span class=\"thegem-heading-word\">digitale<\/span> <span class=\"thegem-heading-word\">\u00e0<\/span> <span class=\"thegem-heading-word\">votre<\/span> <span class=\"thegem-heading-word\">image<\/span> <span class=\"thegem-heading-word\">?<\/span><\/div><style type=\"text\/css\">#thegem-heading-ebf100c {margin: 0;}#thegem-heading-ebf100c {margin-left: auto; margin-right: auto;}#thegem-heading-ebf100c > * {justify-content: center;}<\/style>\t\t\t\t<\/div>\n\t\t\t\t<\/div>\n\t\t\t\t<div class=\"elementor-element elementor-element-8b6dad6 elementor-widget__width-initial flex-horizontal-align-default flex-horizontal-align-tablet-default flex-horizontal-align-mobile-default flex-vertical-align-default flex-vertical-align-tablet-default flex-vertical-align-mobile-default elementor-widget elementor-widget-thegem-animated-heading\" data-id=\"8b6dad6\" data-element_type=\"widget\" data-e-type=\"widget\" data-widget_type=\"thegem-animated-heading.default\">\n\t\t\t\t<div class=\"elementor-widget-container\">\n\t\t\t\t\t<div class=\"thegem-heading thegem-animated-heading text-body thegem-heading-animate lines-slide-up\" id=\"thegem-heading-8b6dad6\" data-animation-name=\"lines-slide-up\" data-animation-interval=\"80\"><span class=\"thegem-heading-word\">Faites<\/span> <span class=\"thegem-heading-word\">de<\/span> <span class=\"thegem-heading-word\">votre<\/span> <span class=\"thegem-heading-word\">marque<\/span> <span class=\"thegem-heading-word\">une<\/span> <span class=\"thegem-heading-word\">exp\u00e9rience<\/span> <span class=\"thegem-heading-word\">coh\u00e9rente,<\/span> <span class=\"thegem-heading-word\">percutante<\/span> <span class=\"thegem-heading-word\">et<\/span> <span class=\"thegem-heading-word\">durable.<\/span><\/div><style type=\"text\/css\">#thegem-heading-8b6dad6 {margin: 0;}#thegem-heading-8b6dad6 {margin-left: auto; margin-right: auto;}#thegem-heading-8b6dad6 > * {justify-content: center;}<\/style>\t\t\t\t<\/div>\n\t\t\t\t<\/div>\n\t\t\t\t\t<\/div>\n\t\t\t\t<\/div>\n\t\t<div class=\"elementor-element elementor-element-d059d40 e-con-full elementor-hidden-desktop elementor-hidden-tablet elementor-hidden-mobile thegem-e-con-layout-thegem e-flex e-con e-parent\" data-id=\"d059d40\" data-element_type=\"container\" data-e-type=\"container\" data-settings=\"{&quot;thegem_container_layout&quot;:&quot;thegem&quot;}\">\r\n\t\t\t\t<div class=\"elementor-element elementor-element-dcc2d93 flex-horizontal-align-default flex-horizontal-align-tablet-default flex-horizontal-align-mobile-default flex-vertical-align-default flex-vertical-align-tablet-default flex-vertical-align-mobile-default elementor-widget elementor-widget-thegem-animated-heading\" data-id=\"dcc2d93\" data-element_type=\"widget\" data-e-type=\"widget\" data-widget_type=\"thegem-animated-heading.default\">\n\t\t\t\t<div class=\"elementor-widget-container\">\n\t\t\t\t\t<div class=\"thegem-heading thegem-animated-heading title-h1\" id=\"thegem-heading-dcc2d93\"><span>Mes R\u00e9alisations<\/span> <\/div><style type=\"text\/css\">#thegem-heading-dcc2d93 {margin: 0;}#thegem-heading-dcc2d93 {margin-left: auto; margin-right: auto;}#thegem-heading-dcc2d93 > * {justify-content: center;}<\/style>\t\t\t\t<\/div>\n\t\t\t\t<\/div>\n\t\t\t\t<\/div>\n\t\t\t\t<\/div>\n\t\t","protected":false},"excerpt":{"rendered":"<p>Une identit\u00e9 de marque forte, coh\u00e9rente et m\u00e9morable. Cr\u00e9ons votre image de marque Parce qu\u2019une marque bien pens\u00e9e inspire confiance&#8230;<\/p>\n","protected":false},"author":1,"featured_media":0,"parent":0,"menu_order":0,"comment_status":"closed","ping_status":"closed","template":"page-fullwidth.php","meta":{"footnotes":""},"class_list":["post-30931","page","type-page","status-publish"],"_links":{"self":[{"href":"https:\/\/jh-consult.be\/index.php\/wp-json\/wp\/v2\/pages\/30931","targetHints":{"allow":["GET"]}}],"collection":[{"href":"https:\/\/jh-consult.be\/index.php\/wp-json\/wp\/v2\/pages"}],"about":[{"href":"https:\/\/jh-consult.be\/index.php\/wp-json\/wp\/v2\/types\/page"}],"author":[{"embeddable":true,"href":"https:\/\/jh-consult.be\/index.php\/wp-json\/wp\/v2\/users\/1"}],"replies":[{"embeddable":true,"href":"https:\/\/jh-consult.be\/index.php\/wp-json\/wp\/v2\/comments?post=30931"}],"version-history":[{"count":23,"href":"https:\/\/jh-consult.be\/index.php\/wp-json\/wp\/v2\/pages\/30931\/revisions"}],"predecessor-version":[{"id":31260,"href":"https:\/\/jh-consult.be\/index.php\/wp-json\/wp\/v2\/pages\/30931\/revisions\/31260"}],"wp:attachment":[{"href":"https:\/\/jh-consult.be\/index.php\/wp-json\/wp\/v2\/media?parent=30931"}],"curies":[{"name":"wp","href":"https:\/\/api.w.org\/{rel}","templated":true}]}}